{"id":97,"date":"2017-06-07T10:28:05","date_gmt":"2017-06-07T10:28:05","guid":{"rendered":"http:\/\/erna.com.tr\/natura\/?page_id=97"},"modified":"2017-06-07T10:35:36","modified_gmt":"2017-06-07T10:35:36","slug":"brosur","status":"publish","type":"page","link":"http:\/\/erna.com.tr\/natura\/brosur\/","title":{"rendered":"Bro\u015f\u00fcr"},"content":{"rendered":"<p>Bro\u015f\u00fcr indir : <a href=\"http:\/\/erna.com.tr\/natura\/wp-content\/uploads\/2017\/06\/Natura.pdf\">Erguvankent Konaklar\u0131 Brosur<\/a><\/p>\n<p><a href=\"http:\/\/erna.com.tr\/natura\/wp-content\/uploads\/2017\/06\/Natura.pdf\"><img loading=\"lazy\" decoding=\"async\" class=\"size-large wp-image-7\" src=\"http:\/\/erna.com.tr\/natura\/wp-content\/uploads\/2016\/11\/Eco-Building-1024x678.jpg\" alt=\"\" width=\"800\" height=\"530\" srcset=\"http:\/\/erna.com.tr\/natura\/wp-content\/uploads\/2016\/11\/Eco-Building-1024x678.jpg 1024w, http:\/\/erna.com.tr\/natura\/wp-content\/uploads\/2016\/11\/Eco-Building-300x199.jpg 300w, http:\/\/erna.com.tr\/natura\/wp-content\/uploads\/2016\/11\/Eco-Building-768x509.jpg 768w, http:\/\/erna.com.tr\/natura\/wp-content\/uploads\/2016\/11\/Eco-Building.jpg 1738w\" sizes=\"auto, (max-width: 800px) 100vw, 800px\" \/><\/a><\/p>\n<p>&nbsp;<\/p>\n","protected":false},"excerpt":{"rendered":"<p>Bro\u015f\u00fcr indir : Erguvankent Konaklar\u0131 Brosur &nbsp;<\/p>\n","protected":false},"author":1,"featured_media":0,"parent":0,"menu_order":0,"comment_status":"closed","ping_status":"closed","template":"","meta":{"footnotes":""},"class_list":["post-97","page","type-page","status-publish","hentry"],"_links":{"self":[{"href":"http:\/\/erna.com.tr\/natura\/wp-json\/wp\/v2\/pages\/97","targetHints":{"allow":["GET"]}}],"collection":[{"href":"http:\/\/erna.com.tr\/natura\/wp-json\/wp\/v2\/pages"}],"about":[{"href":"http:\/\/erna.com.tr\/natura\/wp-json\/wp\/v2\/types\/page"}],"author":[{"embeddable":true,"href":"http:\/\/erna.com.tr\/natura\/wp-json\/wp\/v2\/users\/1"}],"replies":[{"embeddable":true,"href":"http:\/\/erna.com.tr\/natura\/wp-json\/wp\/v2\/comments?post=97"}],"version-history":[{"count":6,"href":"http:\/\/erna.com.tr\/natura\/wp-json\/wp\/v2\/pages\/97\/revisions"}],"predecessor-version":[{"id":104,"href":"http:\/\/erna.com.tr\/natura\/wp-json\/wp\/v2\/pages\/97\/revisions\/104"}],"wp:attachment":[{"href":"http:\/\/erna.com.tr\/natura\/wp-json\/wp\/v2\/media?parent=97"}],"curies":[{"name":"wp","href":"https:\/\/api.w.org\/{rel}","templated":true}]}}